{"id":209,"date":"2026-03-26T15:54:44","date_gmt":"2026-03-26T14:54:44","guid":{"rendered":"https:\/\/www.commonvoices.de\/?page_id=209"},"modified":"2026-04-15T14:33:29","modified_gmt":"2026-04-15T12:33:29","slug":"wie-alles-begann","status":"publish","type":"page","link":"https:\/\/www.commonvoices.de\/?page_id=209","title":{"rendered":"Wie alles begann"},"content":{"rendered":"\n<div class=\"wp-block-media-text is-stacked-on-mobile has-border-color has-background\" style=\"border-color:#1b1b1b;border-width:1px;border-top-left-radius:5px;border-top-right-radius:5px;border-bottom-left-radius:5px;border-bottom-right-radius:5px;background-color:#151515;margin-top:var(--wp--preset--spacing--20);margin-right:var(--wp--preset--spacing--20);margin-bottom:var(--wp--preset--spacing--20);margin-left:var(--wp--preset--spacing--20);padding-top:var(--wp--preset--spacing--20);padding-right:var(--wp--preset--spacing--20);padding-bottom:var(--wp--preset--spacing--20);padding-left:var(--wp--preset--spacing--20)\"><figure class=\"wp-block-media-text__media\"><img loading=\"lazy\" decoding=\"async\" width=\"700\" height=\"466\" src=\"https:\/\/www.commonvoices.de\/wp-content\/uploads\/2026\/03\/christine_inge-1.jpg\" alt=\"\" class=\"wp-image-210 size-full\" srcset=\"https:\/\/www.commonvoices.de\/wp-content\/uploads\/2026\/03\/christine_inge-1.jpg 700w, https:\/\/www.commonvoices.de\/wp-content\/uploads\/2026\/03\/christine_inge-1-300x200.jpg 300w\" sizes=\"auto, (max-width: 700px) 100vw, 700px\" \/><\/figure><div class=\"wp-block-media-text__content\">\n<p>An einem sch\u00f6nen Sommertag sa\u00dfen Inge und Christine im Garten und hatten die wundervolle Idee, einen Chor zu gr\u00fcnden. <\/p>\n\n\n\n<p>Im Wesentlichen war der Gedanke, dass die S\u00e4nger sich auch freundschaftlich gut verstehen sollten.<\/p>\n<\/div><\/div>\n\n\n\n<div class=\"wp-block-media-text has-media-on-the-right is-stacked-on-mobile has-border-color has-background\" style=\"border-color:#1b1b1b;border-width:1px;border-top-left-radius:5px;border-top-right-radius:5px;border-bottom-left-radius:5px;border-bottom-right-radius:5px;background-color:#151515;margin-top:var(--wp--preset--spacing--20);margin-right:var(--wp--preset--spacing--20);margin-bottom:var(--wp--preset--spacing--20);margin-left:var(--wp--preset--spacing--20);padding-top:var(--wp--preset--spacing--20);padding-right:var(--wp--preset--spacing--20);padding-bottom:var(--wp--preset--spacing--20);padding-left:var(--wp--preset--spacing--20)\"><div class=\"wp-block-media-text__content\">\n<p>Auf dem Heimweg fuhr Christine ohne Umwege bei unserer sp\u00e4teren Chorleiterin Natalia Volk vorbei und fragte an, ob sie sich vorstellen k\u00f6nnte, einen Gospelchor zu leiten (der bis dato nur aus zwei Mitgliedern bestand).<\/p>\n\n\n\n<p>\u2026\u2026\u2026\u2026Und sie konnte!<\/p>\n<\/div><figure class=\"wp-block-media-text__media\"><img loading=\"lazy\" decoding=\"async\" width=\"800\" height=\"524\" src=\"https:\/\/www.commonvoices.de\/wp-content\/uploads\/2026\/03\/interview-1.jpg\" alt=\"\" class=\"wp-image-211 size-full\" srcset=\"https:\/\/www.commonvoices.de\/wp-content\/uploads\/2026\/03\/interview-1.jpg 800w, https:\/\/www.commonvoices.de\/wp-content\/uploads\/2026\/03\/interview-1-300x197.jpg 300w, https:\/\/www.commonvoices.de\/wp-content\/uploads\/2026\/03\/interview-1-768x503.jpg 768w\" sizes=\"auto, (max-width: 800px) 100vw, 800px\" \/><\/figure><\/div>\n\n\n\n<div class=\"wp-block-media-text is-stacked-on-mobile has-border-color has-background\" style=\"border-color:#1b1b1b;border-width:1px;border-top-left-radius:5px;border-top-right-radius:5px;border-bottom-left-radius:5px;border-bottom-right-radius:5px;background-color:#151515;margin-top:var(--wp--preset--spacing--20);margin-right:var(--wp--preset--spacing--20);margin-bottom:var(--wp--preset--spacing--20);margin-left:var(--wp--preset--spacing--20);padding-top:var(--wp--preset--spacing--20);padding-right:var(--wp--preset--spacing--20);padding-bottom:var(--wp--preset--spacing--20);padding-left:var(--wp--preset--spacing--20)\"><figure class=\"wp-block-media-text__media\"><img loading=\"lazy\" decoding=\"async\" width=\"600\" height=\"460\" src=\"https:\/\/www.commonvoices.de\/wp-content\/uploads\/2026\/03\/gruppenbild_natascha-1.jpg\" alt=\"\" class=\"wp-image-212 size-full\" srcset=\"https:\/\/www.commonvoices.de\/wp-content\/uploads\/2026\/03\/gruppenbild_natascha-1.jpg 600w, https:\/\/www.commonvoices.de\/wp-content\/uploads\/2026\/03\/gruppenbild_natascha-1-300x230.jpg 300w\" sizes=\"auto, (max-width: 600px) 100vw, 600px\" \/><\/figure><div class=\"wp-block-media-text__content\">\n<p>Mit einer Hand voll Frauen und einem Mann startete die Erfolgsgeschichte der <\/p>\n\n\n\n<p>Common Voices. <\/p>\n\n\n\n<p>Bereits knapp zwei Jahre sp\u00e4ter sorgten wir beim Musikfest in Ziemetshausen im Festzelt f\u00fcr Standing Ovations. Bei der Teilnahme an der Benefizgala <\/p>\n\n\n\n<p>&#8222;Hand in Hand f\u00fcr unsere Kinder&#8220; <\/p>\n\n\n\n<p>in der Kongresshalle Augsburg von und mit Chris Crazy entstand das Chorphoto, das noch heute unsere Flyer und Plakate ziert.<\/p>\n<\/div><\/div>\n\n\n\n<div class=\"wp-block-media-text has-media-on-the-right is-stacked-on-mobile has-border-color has-background\" style=\"border-color:#1b1b1b;border-width:1px;border-top-left-radius:5px;border-top-right-radius:5px;border-bottom-left-radius:5px;border-bottom-right-radius:5px;background-color:#151515;margin-top:var(--wp--preset--spacing--20);margin-right:var(--wp--preset--spacing--20);margin-bottom:var(--wp--preset--spacing--20);margin-left:var(--wp--preset--spacing--20);padding-top:var(--wp--preset--spacing--20);padding-right:var(--wp--preset--spacing--20);padding-bottom:var(--wp--preset--spacing--20);padding-left:var(--wp--preset--spacing--20)\"><div class=\"wp-block-media-text__content\">\n<p>Hier begegneten wir das erste Mal Elisabeth Haumann, nichtsahnend, dass sie unsere sp\u00e4tere Chorleiterin werden w\u00fcrde. Im Dezember 2002 boten die inzwischen 22 Chormitglieder in der vollbesetzten Pfarrkirche Ziemetshausen ein lebendiges und professionell dargebotenes Konzert. <\/p>\n\n\n\n<p>Das Repertoire hatte sich auf Rock- und Popmusik erweitert. Weitere Konzerte folgten u.a. eine viert\u00e4gige Tournee an der Ostsee.<br>2005 beendete Natalia Volk die Leitung des Chors mit einem Konzert im Augsburger Stadttheater.<\/p>\n\n\n\n<p><a href=\"file:\/\/\/C:\/Users\/Huhu\/Desktop\/Giaco\/AA_Chor\/_Homepage\/_webseite\/image\/geschichte\/Chorseminar2005.JPG\"><\/a> <a href=\"file:\/\/\/C:\/Users\/Huhu\/Desktop\/Giaco\/AA_Chor\/_Homepage\/_webseite\/image\/geschichte\/Lounge.JPG\"><\/a><\/p>\n<\/div><figure class=\"wp-block-media-text__media\"><img loading=\"lazy\" decoding=\"async\" width=\"700\" height=\"523\" src=\"https:\/\/www.commonvoices.de\/wp-content\/uploads\/2026\/03\/gospelnight-2.jpg\" alt=\"\" class=\"wp-image-214 size-full\" srcset=\"https:\/\/www.commonvoices.de\/wp-content\/uploads\/2026\/03\/gospelnight-2.jpg 700w, https:\/\/www.commonvoices.de\/wp-content\/uploads\/2026\/03\/gospelnight-2-300x224.jpg 300w\" sizes=\"auto, (max-width: 700px) 100vw, 700px\" \/><\/figure><\/div>\n\n\n\n<div class=\"wp-block-media-text is-stacked-on-mobile has-border-color has-background\" style=\"border-color:#1b1b1b;border-width:1px;border-top-left-radius:5px;border-top-right-radius:5px;border-bottom-left-radius:5px;border-bottom-right-radius:5px;background-color:#151515;margin-top:var(--wp--preset--spacing--20);margin-right:var(--wp--preset--spacing--20);margin-bottom:var(--wp--preset--spacing--20);margin-left:var(--wp--preset--spacing--20);padding-top:var(--wp--preset--spacing--20);padding-right:var(--wp--preset--spacing--20);padding-bottom:var(--wp--preset--spacing--20);padding-left:var(--wp--preset--spacing--20)\"><figure class=\"wp-block-media-text__media\"><img loading=\"lazy\" decoding=\"async\" width=\"700\" height=\"465\" src=\"https:\/\/www.commonvoices.de\/wp-content\/uploads\/2026\/03\/Chorseminar2005-1.jpg\" alt=\"\" class=\"wp-image-215 size-full\" srcset=\"https:\/\/www.commonvoices.de\/wp-content\/uploads\/2026\/03\/Chorseminar2005-1.jpg 700w, https:\/\/www.commonvoices.de\/wp-content\/uploads\/2026\/03\/Chorseminar2005-1-300x199.jpg 300w\" sizes=\"auto, (max-width: 700px) 100vw, 700px\" \/><\/figure><div class=\"wp-block-media-text__content\">\n<p><\/p>\n<\/div><\/div>\n\n\n\n<div class=\"wp-block-media-text has-media-on-the-right is-stacked-on-mobile has-border-color has-background\" style=\"border-color:#1b1b1b;border-width:1px;border-top-left-radius:5px;border-top-right-radius:5px;border-bottom-left-radius:5px;border-bottom-right-radius:5px;background-color:#151515;margin-top:var(--wp--preset--spacing--20);margin-right:var(--wp--preset--spacing--20);margin-bottom:var(--wp--preset--spacing--20);margin-left:var(--wp--preset--spacing--20);padding-top:var(--wp--preset--spacing--20);padding-right:var(--wp--preset--spacing--20);padding-bottom:var(--wp--preset--spacing--20);padding-left:var(--wp--preset--spacing--20)\"><div class=\"wp-block-media-text__content\">\n<p>Daniela Pfannenstiel stand uns w\u00e4hrend ihrer Studienzeit als Interimsleitung zur Seite, <\/p>\n\n\n\n<p>bis Mark Poppe den Chor rockte.<\/p>\n<\/div><figure class=\"wp-block-media-text__media\"><img loading=\"lazy\" decoding=\"async\" width=\"700\" height=\"512\" src=\"https:\/\/www.commonvoices.de\/wp-content\/uploads\/2026\/03\/Lounge-1.jpg\" alt=\"\" class=\"wp-image-216 size-full\" srcset=\"https:\/\/www.commonvoices.de\/wp-content\/uploads\/2026\/03\/Lounge-1.jpg 700w, https:\/\/www.commonvoices.de\/wp-content\/uploads\/2026\/03\/Lounge-1-300x219.jpg 300w\" sizes=\"auto, (max-width: 700px) 100vw, 700px\" \/><\/figure><\/div>\n\n\n\n<div class=\"wp-block-media-text is-stacked-on-mobile has-border-color has-background\" style=\"border-color:#1b1b1b;border-width:1px;border-top-left-radius:5px;border-top-right-radius:5px;border-bottom-left-radius:5px;border-bottom-right-radius:5px;background-color:#151515;margin-top:var(--wp--preset--spacing--20);margin-right:var(--wp--preset--spacing--20);margin-bottom:var(--wp--preset--spacing--20);margin-left:var(--wp--preset--spacing--20);padding-top:var(--wp--preset--spacing--20);padding-right:var(--wp--preset--spacing--20);padding-bottom:var(--wp--preset--spacing--20);padding-left:var(--wp--preset--spacing--20)\"><figure class=\"wp-block-media-text__media\"><img loading=\"lazy\" decoding=\"async\" width=\"800\" height=\"531\" src=\"https:\/\/www.commonvoices.de\/wp-content\/uploads\/2026\/03\/bild2-1.jpg\" alt=\"\" class=\"wp-image-218 size-full\" srcset=\"https:\/\/www.commonvoices.de\/wp-content\/uploads\/2026\/03\/bild2-1.jpg 800w, https:\/\/www.commonvoices.de\/wp-content\/uploads\/2026\/03\/bild2-1-300x199.jpg 300w, https:\/\/www.commonvoices.de\/wp-content\/uploads\/2026\/03\/bild2-1-768x510.jpg 768w\" sizes=\"auto, (max-width: 800px) 100vw, 800px\" \/><\/figure><div class=\"wp-block-media-text__content\">\n<p>Mit Mark Poppe wendeten wir uns erfolgreich der Rockmusik zu und eroberten musikalisch \u00fcber den Stadtsaal Krumbach den n\u00f6rdlichen Landkreis G\u00fcnzburg. <\/p>\n\n\n\n<p><\/p>\n<\/div><\/div>\n\n\n\n<div class=\"wp-block-media-text has-media-on-the-right is-stacked-on-mobile has-border-color has-background\" style=\"border-color:#1b1b1b;border-width:1px;border-top-left-radius:5px;border-top-right-radius:5px;border-bottom-left-radius:5px;border-bottom-right-radius:5px;background-color:#151515;margin-top:var(--wp--preset--spacing--20);margin-right:var(--wp--preset--spacing--20);margin-bottom:var(--wp--preset--spacing--20);margin-left:var(--wp--preset--spacing--20);padding-top:var(--wp--preset--spacing--20);padding-right:var(--wp--preset--spacing--20);padding-bottom:var(--wp--preset--spacing--20);padding-left:var(--wp--preset--spacing--20)\"><div class=\"wp-block-media-text__content\">\n<p>Auch die j\u00e4hrlich stattfindende<\/p>\n\n\n\n<p>\u201e\u00f6ffentliche letzte Chorprobe\u201c<\/p>\n\n\n\n<p>vor den Ferien im Webereimuseum wurde mit ihm aus der Taufe gehoben.<\/p>\n<\/div><figure class=\"wp-block-media-text__media\"><img loading=\"lazy\" decoding=\"async\" width=\"700\" height=\"462\" src=\"https:\/\/www.commonvoices.de\/wp-content\/uploads\/2026\/03\/bild21-1.jpg\" alt=\"\" class=\"wp-image-217 size-full\" srcset=\"https:\/\/www.commonvoices.de\/wp-content\/uploads\/2026\/03\/bild21-1.jpg 700w, https:\/\/www.commonvoices.de\/wp-content\/uploads\/2026\/03\/bild21-1-300x198.jpg 300w\" sizes=\"auto, (max-width: 700px) 100vw, 700px\" \/><\/figure><\/div>\n\n\n\n<div class=\"wp-block-media-text is-stacked-on-mobile has-border-color has-background\" style=\"border-color:#1b1b1b;border-width:1px;border-top-left-radius:5px;border-top-right-radius:5px;border-bottom-left-radius:5px;border-bottom-right-radius:5px;background-color:#151515;margin-top:var(--wp--preset--spacing--20);margin-right:var(--wp--preset--spacing--20);margin-bottom:var(--wp--preset--spacing--20);margin-left:var(--wp--preset--spacing--20);padding-top:var(--wp--preset--spacing--20);padding-right:var(--wp--preset--spacing--20);padding-bottom:var(--wp--preset--spacing--20);padding-left:var(--wp--preset--spacing--20)\"><figure class=\"wp-block-media-text__media\"><img loading=\"lazy\" decoding=\"async\" width=\"1024\" height=\"768\" src=\"https:\/\/www.commonvoices.de\/wp-content\/uploads\/2026\/03\/St-Jackob-Elisabeth-1.jpg\" alt=\"\" class=\"wp-image-219 size-full\" srcset=\"https:\/\/www.commonvoices.de\/wp-content\/uploads\/2026\/03\/St-Jackob-Elisabeth-1.jpg 1024w, https:\/\/www.commonvoices.de\/wp-content\/uploads\/2026\/03\/St-Jackob-Elisabeth-1-300x225.jpg 300w, https:\/\/www.commonvoices.de\/wp-content\/uploads\/2026\/03\/St-Jackob-Elisabeth-1-768x576.jpg 768w\" sizes=\"auto, (max-width: 1024px) 100vw, 1024px\" \/><\/figure><div class=\"wp-block-media-text__content\">\n<p>Von 2013 bis Herbst 2019 bildete Elisabeth Haumann gekonnt unsere Stimmen aus und gab unserem Gesang eine weitere Klangfarbe mit St\u00fccken wie Westsidestory, Aquarius und Words. <\/p>\n\n\n\n<p>Acapellast\u00fccke traten wieder mehr in den Vordergrund. <\/p>\n\n\n\n<p>2019 feierten wir mit ihr unser 20j\u00e4hriges Bestehen mit Konzerten im Stadtsaal Krumbach und der Weberei in Ziemetshausen.<\/p>\n<\/div><\/div>\n\n\n\n<div class=\"wp-block-media-text has-media-on-the-right is-stacked-on-mobile has-border-color has-background\" style=\"border-color:#1b1b1b;border-width:1px;border-top-left-radius:5px;border-top-right-radius:5px;border-bottom-left-radius:5px;border-bottom-right-radius:5px;background-color:#151515;margin-top:var(--wp--preset--spacing--20);margin-right:var(--wp--preset--spacing--20);margin-bottom:var(--wp--preset--spacing--20);margin-left:var(--wp--preset--spacing--20);padding-top:var(--wp--preset--spacing--20);padding-right:var(--wp--preset--spacing--20);padding-bottom:var(--wp--preset--spacing--20);padding-left:var(--wp--preset--spacing--20)\"><div class=\"wp-block-media-text__content\">\n<p>Mit gro\u00dfer Begeisterung traten wir unter ihrer Leitung u.a. in der Jakobskirche und Stadtwerkesaal in Augsburg, sowie im Kaisersaal Wettenhausen auf. Wir haben die Zeit mit ihr sehr genossen. Es war ein wunderbares, freundschaftliches und hervoragend musikalisches Beisammensein und wir w\u00fcnschen ihr das Allerbeste.<\/p>\n<\/div><figure class=\"wp-block-media-text__media\"><img loading=\"lazy\" decoding=\"async\" width=\"800\" height=\"449\" src=\"https:\/\/www.commonvoices.de\/wp-content\/uploads\/2026\/03\/WebereiBild-1.jpg\" alt=\"\" class=\"wp-image-220 size-full\" srcset=\"https:\/\/www.commonvoices.de\/wp-content\/uploads\/2026\/03\/WebereiBild-1.jpg 800w, https:\/\/www.commonvoices.de\/wp-content\/uploads\/2026\/03\/WebereiBild-1-300x168.jpg 300w, https:\/\/www.commonvoices.de\/wp-content\/uploads\/2026\/03\/WebereiBild-1-768x431.jpg 768w\" sizes=\"auto, (max-width: 800px) 100vw, 800px\" \/><\/figure><\/div>\n\n\n\n<div class=\"wp-block-media-text is-stacked-on-mobile has-border-color has-background\" style=\"border-color:#1b1b1b;border-width:1px;border-top-left-radius:5px;border-top-right-radius:5px;border-bottom-left-radius:5px;border-bottom-right-radius:5px;background-color:#151515;margin-top:var(--wp--preset--spacing--20);margin-right:var(--wp--preset--spacing--20);margin-bottom:var(--wp--preset--spacing--20);margin-left:var(--wp--preset--spacing--20);padding-top:var(--wp--preset--spacing--20);padding-right:var(--wp--preset--spacing--20);padding-bottom:var(--wp--preset--spacing--20);padding-left:var(--wp--preset--spacing--20)\"><figure class=\"wp-block-media-text__media\"><img loading=\"lazy\" decoding=\"async\" width=\"657\" height=\"400\" src=\"https:\/\/www.commonvoices.de\/wp-content\/uploads\/2026\/03\/PeterWE-1.jpg\" alt=\"\" class=\"wp-image-221 size-full\" srcset=\"https:\/\/www.commonvoices.de\/wp-content\/uploads\/2026\/03\/PeterWE-1.jpg 657w, https:\/\/www.commonvoices.de\/wp-content\/uploads\/2026\/03\/PeterWE-1-300x183.jpg 300w\" sizes=\"auto, (max-width: 657px) 100vw, 657px\" \/><\/figure><div class=\"wp-block-media-text__content\">\n<p>Von Herbst 2019 bis Dezember 2022 trainierte und dirigierte uns unser Multitalent Peter Laubmeier. <\/p>\n\n\n\n<p>Unser Mits\u00e4nger und Arrangeur vieler unserer Lieder, erm\u00f6glichte uns damit weiter chorisch zu arbeiten.<\/p>\n<\/div><\/div>\n\n\n\n<div class=\"wp-block-media-text has-media-on-the-right is-stacked-on-mobile has-border-color has-background\" style=\"border-color:#1b1b1b;border-width:1px;border-top-left-radius:5px;border-top-right-radius:5px;border-bottom-left-radius:5px;border-bottom-right-radius:5px;background-color:#151515;margin-top:var(--wp--preset--spacing--20);margin-right:var(--wp--preset--spacing--20);margin-bottom:var(--wp--preset--spacing--20);margin-left:var(--wp--preset--spacing--20);padding-top:var(--wp--preset--spacing--20);padding-right:var(--wp--preset--spacing--20);padding-bottom:var(--wp--preset--spacing--20);padding-left:var(--wp--preset--spacing--20)\"><div class=\"wp-block-media-text__content\">\n<p>Andreas Reiter, ein Trompeter mit gro\u00dfer Musikerfahrung, leitete viele Jahre die \u00f6rtliche Musikkapelle Ziemetshausen. Bereits hier hat es ihn begeistert, auf der B\u00fchne Instrumental Musik und Gesang zusammen zu bringen. Nach einer Pause in der Leitungsarbeit konnte ihn Thomas, unser Basss\u00e4nger \u00fcberzeugen, im Dezember &#8217;22 zu uns in die Probe zu kommen &#8211; und siehe, er kam, sah und lauschte \u2026\u2026 unserem Gesang.<\/p>\n\n\n\n<p>Wir hatten schnell das Feeling &#8211; das k\u00f6nnt was werden mit uns. Andreas erging es ebenso und seitdem arbeiteten wir im neuen Jahr freudig und mit guter Energie zusammen &#8211; pr\u00e4zis, einf\u00fchlsam und temporeich von Andreas geleitet.<\/p>\n\n\n\n<p><\/p>\n<\/div><figure class=\"wp-block-media-text__media\"><img loading=\"lazy\" decoding=\"async\" width=\"1024\" height=\"682\" src=\"https:\/\/www.commonvoices.de\/wp-content\/uploads\/2026\/03\/andreas-1024x682.jpeg\" alt=\"\" class=\"wp-image-222 size-full\" srcset=\"https:\/\/www.commonvoices.de\/wp-content\/uploads\/2026\/03\/andreas-1024x682.jpeg 1024w, https:\/\/www.commonvoices.de\/wp-content\/uploads\/2026\/03\/andreas-300x200.jpeg 300w, https:\/\/www.commonvoices.de\/wp-content\/uploads\/2026\/03\/andreas-768x511.jpeg 768w, https:\/\/www.commonvoices.de\/wp-content\/uploads\/2026\/03\/andreas.jpeg 1280w\" sizes=\"auto, (max-width: 1024px) 100vw, 1024px\" \/><\/figure><\/div>\n\n\n\n<p>Peter Laubmeier, unserem Pianisten sei Dank f\u00fcr die Interimsleitung, ohne die wir die letzten drei Jahre nicht oder nicht so gut als Chor \u00fcberstanden h\u00e4tten. <\/p>\n\n\n\n<p>Wir freuen uns, ihn bei vielen Liedern wieder als S\u00e4nger in unsere Reihen aufnehmen zu k\u00f6nnen.<\/p>\n\n\n\n<p><\/p>\n\n\n\n<p><\/p>\n\n\n\n<p>&#8222;Pl\u00e4ne sind dazu da um \u00fcber den Haufen geworfen zu werden&#8220;<\/p>\n\n\n\n<p>Im Januar 2024 teilte uns Andreas mit, dass er als Chorleitung auf unbestimmte Zeit ausf\u00e4llt. <\/p>\n\n\n\n<p>Wir freuen uns jedoch sehr, dass Andreas hie und da bei den M\u00e4nnern steht und mit uns singt.<\/p>\n\n\n\n<div class=\"wp-block-media-text is-stacked-on-mobile has-border-color has-background\" style=\"border-color:#1b1b1b;border-width:1px;border-top-left-radius:5px;border-top-right-radius:5px;border-bottom-left-radius:5px;border-bottom-right-radius:5px;background-color:#151515;margin-top:var(--wp--preset--spacing--20);margin-right:var(--wp--preset--spacing--20);margin-bottom:var(--wp--preset--spacing--20);margin-left:var(--wp--preset--spacing--20);padding-top:var(--wp--preset--spacing--20);padding-right:var(--wp--preset--spacing--20);padding-bottom:var(--wp--preset--spacing--20);padding-left:var(--wp--preset--spacing--20);grid-template-columns:29% auto\"><figure class=\"wp-block-media-text__media\"><img loading=\"lazy\" decoding=\"async\" width=\"160\" height=\"206\" src=\"https:\/\/www.commonvoices.de\/wp-content\/uploads\/2026\/03\/simone.jpg\" alt=\"\" class=\"wp-image-223 size-full\"\/><\/figure><div class=\"wp-block-media-text__content\">\n<p><\/p>\n\n\n\n<p>Und so suchten und fanden wir in Simone Krimbacher eine Vollblut Chorleitung.<\/p>\n\n\n\n<p><\/p>\n\n\n\n<pre class=\"wp-block-code\"><code>- Ein gro\u00dfes Gl\u00fcck f\u00fcr uns -\n<\/code><\/pre>\n\n\n\n<p>Simone, hat eine fundierte Chorleitungsausbildung. Die Musik ist ein sehr gro\u00dfer Lebensinhalt f\u00fcr sie. <\/p>\n\n\n\n<p>So f\u00fchrt Sie uns mit jungem Elan, einer Mischung aus gro\u00dfer Geduld und Tempo, stil- und zielsicher durch die Proben.<\/p>\n\n\n\n<p>Sie ist selbst S\u00e4ngerin und Instrumentalistin und vielseitig musikalisch unterwegs.<\/p>\n\n\n\n<p>Zwei kleinere Konzerte in 2024 durften wir mit ihr bereits singen und wir genie\u00dfen ihr musikalisches H\u00e4ndle und freuen uns auf weitere Projekte.<\/p>\n<\/div><\/div>\n\n\n\n<p><\/p>\n","protected":false},"excerpt":{"rendered":"<p>An einem sch\u00f6nen Sommertag sa\u00dfen Inge und Christine im Garten und hatten die wundervolle Idee, einen Chor zu gr\u00fcnden. Im Wesentlichen war [&hellip;]<\/p>\n","protected":false},"author":1,"featured_media":0,"parent":0,"menu_order":0,"comment_status":"closed","ping_status":"closed","template":"","meta":{"footnotes":""},"class_list":["post-209","page","type-page","status-publish","hentry"],"_links":{"self":[{"href":"https:\/\/www.commonvoices.de\/index.php?rest_route=\/wp\/v2\/pages\/209","targetHints":{"allow":["GET"]}}],"collection":[{"href":"https:\/\/www.commonvoices.de\/index.php?rest_route=\/wp\/v2\/pages"}],"about":[{"href":"https:\/\/www.commonvoices.de\/index.php?rest_route=\/wp\/v2\/types\/page"}],"author":[{"embeddable":true,"href":"https:\/\/www.commonvoices.de\/index.php?rest_route=\/wp\/v2\/users\/1"}],"replies":[{"embeddable":true,"href":"https:\/\/www.commonvoices.de\/index.php?rest_route=%2Fwp%2Fv2%2Fcomments&post=209"}],"version-history":[{"count":13,"href":"https:\/\/www.commonvoices.de\/index.php?rest_route=\/wp\/v2\/pages\/209\/revisions"}],"predecessor-version":[{"id":616,"href":"https:\/\/www.commonvoices.de\/index.php?rest_route=\/wp\/v2\/pages\/209\/revisions\/616"}],"wp:attachment":[{"href":"https:\/\/www.commonvoices.de\/index.php?rest_route=%2Fwp%2Fv2%2Fmedia&parent=209"}],"curies":[{"name":"wp","href":"https:\/\/api.w.org\/{rel}","templated":true}]}}