{"id":244,"date":"2026-03-26T19:57:10","date_gmt":"2026-03-26T18:57:10","guid":{"rendered":"https:\/\/www.commonvoices.de\/?page_id=244"},"modified":"2026-04-14T23:43:19","modified_gmt":"2026-04-14T21:43:19","slug":"stimmgruppen","status":"publish","type":"page","link":"https:\/\/www.commonvoices.de\/?page_id=244","title":{"rendered":"Stimmgruppen"},"content":{"rendered":"\n<p class=\"has-small-font-size\"><\/p>\n\n\n\n<div class=\"wp-block-columns is-layout-flex wp-container-core-columns-is-layout-f1061711 wp-block-columns-is-layout-flex\" style=\"border-top-left-radius:5px;border-top-right-radius:5px;border-bottom-left-radius:5px;border-bottom-right-radius:5px;padding-right:var(--wp--preset--spacing--20);padding-left:var(--wp--preset--spacing--20)\">\n<div class=\"wp-block-column is-layout-flow wp-block-column-is-layout-flow\" style=\"flex-basis:50%\">\n<figure class=\"wp-block-image has-custom-border\" style=\"margin-right:0;margin-left:0\"><a href=\"sftp:\/\/p34107672@home71037869.1and1-data.host\/page\/single\/02_giaco.html\"><img loading=\"lazy\" decoding=\"async\" width=\"1024\" height=\"682\" src=\"https:\/\/www.commonvoices.de\/wp-content\/uploads\/2026\/03\/sopran1.1-1024x682.jpg\" alt=\"\" class=\"has-border-color wp-image-79\" style=\"border-color:var(--sydney-global-color-5);border-width:1px;border-top-left-radius:5px;border-top-right-radius:5px;border-bottom-left-radius:5px;border-bottom-right-radius:5px\" srcset=\"https:\/\/www.commonvoices.de\/wp-content\/uploads\/2026\/03\/sopran1.1-1024x682.jpg 1024w, https:\/\/www.commonvoices.de\/wp-content\/uploads\/2026\/03\/sopran1.1-300x200.jpg 300w, https:\/\/www.commonvoices.de\/wp-content\/uploads\/2026\/03\/sopran1.1-768x511.jpg 768w, https:\/\/www.commonvoices.de\/wp-content\/uploads\/2026\/03\/sopran1.1.jpg 1280w\" sizes=\"auto, (max-width: 1024px) 100vw, 1024px\" \/><\/a><\/figure>\n<\/div>\n\n\n\n<div class=\"wp-block-column is-layout-flow wp-block-column-is-layout-flow\" style=\"flex-basis:50%\">\n<p>Sopran 1: <\/p>\n\n\n\n<p>Giacomina Weldert-R\u00f6ther, Barbara Vogele, Martina Huber, Marion Weldert<\/p>\n<\/div>\n<\/div>\n\n\n\n<div class=\"wp-block-columns is-layout-flex wp-container-core-columns-is-layout-f1061711 wp-block-columns-is-layout-flex\" style=\"padding-right:var(--wp--preset--spacing--20);padding-left:var(--wp--preset--spacing--20)\">\n<div class=\"wp-block-column is-layout-flow wp-block-column-is-layout-flow\" style=\"flex-basis:50%\">\n<p>Sopran 2:<\/p>\n\n\n\n<p>Toni Forstner, Tessa Kr\u00f6hn, Katharina M\u00fcller, Christine Liebhaber<\/p>\n<\/div>\n\n\n\n<div class=\"wp-block-column is-layout-flow wp-block-column-is-layout-flow\" style=\"flex-basis:50%\">\n<figure class=\"wp-block-image has-custom-border\"><img loading=\"lazy\" decoding=\"async\" width=\"474\" height=\"400\" src=\"https:\/\/www.commonvoices.de\/wp-content\/uploads\/2026\/03\/sopran2k.jpg\" alt=\"\" class=\"has-border-color wp-image-80\" style=\"border-color:var(--sydney-global-color-5);border-width:1px;border-top-left-radius:5px;border-top-right-radius:5px;border-bottom-left-radius:5px;border-bottom-right-radius:5px\" srcset=\"https:\/\/www.commonvoices.de\/wp-content\/uploads\/2026\/03\/sopran2k.jpg 474w, https:\/\/www.commonvoices.de\/wp-content\/uploads\/2026\/03\/sopran2k-300x253.jpg 300w\" sizes=\"auto, (max-width: 474px) 100vw, 474px\" \/><\/figure>\n<\/div>\n<\/div>\n\n\n\n<div class=\"wp-block-columns is-layout-flex wp-container-core-columns-is-layout-f1061711 wp-block-columns-is-layout-flex\" style=\"padding-right:var(--wp--preset--spacing--20);padding-left:var(--wp--preset--spacing--20)\">\n<div class=\"wp-block-column is-layout-flow wp-block-column-is-layout-flow\" style=\"flex-basis:50%\">\n<figure class=\"wp-block-image has-custom-border\"><img loading=\"lazy\" decoding=\"async\" width=\"400\" height=\"400\" src=\"https:\/\/www.commonvoices.de\/wp-content\/uploads\/2026\/03\/alt1.jpg\" alt=\"\" class=\"has-border-color wp-image-81\" style=\"border-color:var(--sydney-global-color-5);border-width:1px;border-top-left-radius:5px;border-top-right-radius:5px;border-bottom-left-radius:5px;border-bottom-right-radius:5px\" srcset=\"https:\/\/www.commonvoices.de\/wp-content\/uploads\/2026\/03\/alt1.jpg 400w, https:\/\/www.commonvoices.de\/wp-content\/uploads\/2026\/03\/alt1-300x300.jpg 300w, https:\/\/www.commonvoices.de\/wp-content\/uploads\/2026\/03\/alt1-150x150.jpg 150w\" sizes=\"auto, (max-width: 400px) 100vw, 400px\" \/><\/figure>\n<\/div>\n\n\n\n<div class=\"wp-block-column is-layout-flow wp-block-column-is-layout-flow\" style=\"flex-basis:50%\">\n<p>Alt 1:<\/p>\n\n\n\n<p>Ulrike Krautmacher, Inge Schmitt, Claudia Mann, Christine Peters<\/p>\n<\/div>\n<\/div>\n\n\n\n<div class=\"wp-block-columns is-layout-flex wp-container-core-columns-is-layout-f1061711 wp-block-columns-is-layout-flex\" style=\"padding-right:var(--wp--preset--spacing--20);padding-left:var(--wp--preset--spacing--20)\">\n<div class=\"wp-block-column is-layout-flow wp-block-column-is-layout-flow\" style=\"flex-basis:50%\">\n<p>Alt 2:<\/p>\n\n\n\n<p>Mares Buser, Luitgard Wei\u00df, Anne Spielman, Liz Florack<\/p>\n<\/div>\n\n\n\n<div class=\"wp-block-column is-layout-flow wp-block-column-is-layout-flow\" style=\"flex-basis:50%\">\n<figure class=\"wp-block-image has-custom-border\"><img loading=\"lazy\" decoding=\"async\" width=\"400\" height=\"277\" src=\"https:\/\/www.commonvoices.de\/wp-content\/uploads\/2026\/03\/alt2m.jpg\" alt=\"\" class=\"has-border-color wp-image-82\" style=\"border-color:var(--sydney-global-color-5);border-width:1px;border-top-left-radius:5px;border-top-right-radius:5px;border-bottom-left-radius:5px;border-bottom-right-radius:5px\" srcset=\"https:\/\/www.commonvoices.de\/wp-content\/uploads\/2026\/03\/alt2m.jpg 400w, https:\/\/www.commonvoices.de\/wp-content\/uploads\/2026\/03\/alt2m-300x208.jpg 300w\" sizes=\"auto, (max-width: 400px) 100vw, 400px\" \/><\/figure>\n<\/div>\n<\/div>\n\n\n\n<div class=\"wp-block-columns is-layout-flex wp-container-core-columns-is-layout-f1061711 wp-block-columns-is-layout-flex\" style=\"padding-right:var(--wp--preset--spacing--20);padding-left:var(--wp--preset--spacing--20)\">\n<div class=\"wp-block-column is-layout-flow wp-block-column-is-layout-flow\" style=\"flex-basis:50%\">\n<figure class=\"wp-block-image has-custom-border\"><img loading=\"lazy\" decoding=\"async\" width=\"463\" height=\"400\" src=\"https:\/\/www.commonvoices.de\/wp-content\/uploads\/2026\/03\/Tenor.jpg\" alt=\"\" class=\"has-border-color wp-image-83\" style=\"border-color:var(--sydney-global-color-5);border-width:1px;border-top-left-radius:5px;border-top-right-radius:5px;border-bottom-left-radius:5px;border-bottom-right-radius:5px\" srcset=\"https:\/\/www.commonvoices.de\/wp-content\/uploads\/2026\/03\/Tenor.jpg 463w, https:\/\/www.commonvoices.de\/wp-content\/uploads\/2026\/03\/Tenor-300x259.jpg 300w\" sizes=\"auto, (max-width: 463px) 100vw, 463px\" \/><\/figure>\n<\/div>\n\n\n\n<div class=\"wp-block-column is-layout-flow wp-block-column-is-layout-flow\" style=\"flex-basis:50%\">\n<p>Tenor:<\/p>\n\n\n\n<p>Herbert Egger, J\u00fcrgen Langer, Christoph Schmidt, Harald Kr\u00f6hn, Wolfgang Allg\u00e4uer<\/p>\n<\/div>\n<\/div>\n\n\n\n<div class=\"wp-block-columns is-layout-flex wp-container-core-columns-is-layout-f1061711 wp-block-columns-is-layout-flex\" style=\"padding-right:var(--wp--preset--spacing--20);padding-left:var(--wp--preset--spacing--20)\">\n<div class=\"wp-block-column is-layout-flow wp-block-column-is-layout-flow\" style=\"flex-basis:50%\">\n<p>Bariton:<\/p>\n\n\n\n<p>Harald Kr\u00f6hn, J\u00fcrgen Langer, Sebastian Mach, Peter Laubmeier<\/p>\n<\/div>\n\n\n\n<div class=\"wp-block-column is-layout-flow wp-block-column-is-layout-flow\" style=\"flex-basis:50%\">\n<figure class=\"wp-block-image has-custom-border\"><img loading=\"lazy\" decoding=\"async\" width=\"1023\" height=\"588\" src=\"https:\/\/www.commonvoices.de\/wp-content\/uploads\/2026\/03\/bariton24.jpeg\" alt=\"\" class=\"has-border-color wp-image-84\" style=\"border-color:var(--sydney-global-color-5);border-width:1px;border-top-left-radius:5px;border-top-right-radius:5px;border-bottom-left-radius:5px;border-bottom-right-radius:5px\" srcset=\"https:\/\/www.commonvoices.de\/wp-content\/uploads\/2026\/03\/bariton24.jpeg 1023w, https:\/\/www.commonvoices.de\/wp-content\/uploads\/2026\/03\/bariton24-300x172.jpeg 300w, https:\/\/www.commonvoices.de\/wp-content\/uploads\/2026\/03\/bariton24-768x441.jpeg 768w\" sizes=\"auto, (max-width: 1023px) 100vw, 1023px\" \/><\/figure>\n<\/div>\n<\/div>\n\n\n\n<div class=\"wp-block-columns is-layout-flex wp-container-core-columns-is-layout-f1061711 wp-block-columns-is-layout-flex\" style=\"padding-right:var(--wp--preset--spacing--20);padding-left:var(--wp--preset--spacing--20)\">\n<div class=\"wp-block-column is-layout-flow wp-block-column-is-layout-flow\" style=\"flex-basis:50%\">\n<figure class=\"wp-block-image has-custom-border\"><img loading=\"lazy\" decoding=\"async\" width=\"477\" height=\"400\" src=\"https:\/\/www.commonvoices.de\/wp-content\/uploads\/2026\/03\/bass.jpg\" alt=\"\" class=\"has-border-color wp-image-85\" style=\"border-color:var(--sydney-global-color-5);border-width:1px;border-top-left-radius:5px;border-top-right-radius:5px;border-bottom-left-radius:5px;border-bottom-right-radius:5px\" srcset=\"https:\/\/www.commonvoices.de\/wp-content\/uploads\/2026\/03\/bass.jpg 477w, https:\/\/www.commonvoices.de\/wp-content\/uploads\/2026\/03\/bass-300x252.jpg 300w\" sizes=\"auto, (max-width: 477px) 100vw, 477px\" \/><\/figure>\n<\/div>\n\n\n\n<div class=\"wp-block-column is-layout-flow wp-block-column-is-layout-flow\" style=\"flex-basis:50%\">\n<p>Bass:<\/p>\n\n\n\n<p>Albert K\u00e4sbohrer, Thomas Vogele<\/p>\n<\/div>\n<\/div>\n\n\n\n<p><\/p>\n","protected":false},"excerpt":{"rendered":"<p>Sopran 1: Giacomina Weldert-R\u00f6ther, Barbara Vogele, Martina Huber, Marion Weldert Sopran 2: Toni Forstner, Tessa Kr\u00f6hn, Katharina M\u00fcller, Christine Liebhaber Alt 1: [&hellip;]<\/p>\n","protected":false},"author":1,"featured_media":0,"parent":0,"menu_order":0,"comment_status":"closed","ping_status":"closed","template":"","meta":{"footnotes":""},"class_list":["post-244","page","type-page","status-publish","hentry"],"_links":{"self":[{"href":"https:\/\/www.commonvoices.de\/index.php?rest_route=\/wp\/v2\/pages\/244","targetHints":{"allow":["GET"]}}],"collection":[{"href":"https:\/\/www.commonvoices.de\/index.php?rest_route=\/wp\/v2\/pages"}],"about":[{"href":"https:\/\/www.commonvoices.de\/index.php?rest_route=\/wp\/v2\/types\/page"}],"author":[{"embeddable":true,"href":"https:\/\/www.commonvoices.de\/index.php?rest_route=\/wp\/v2\/users\/1"}],"replies":[{"embeddable":true,"href":"https:\/\/www.commonvoices.de\/index.php?rest_route=%2Fwp%2Fv2%2Fcomments&post=244"}],"version-history":[{"count":5,"href":"https:\/\/www.commonvoices.de\/index.php?rest_route=\/wp\/v2\/pages\/244\/revisions"}],"predecessor-version":[{"id":604,"href":"https:\/\/www.commonvoices.de\/index.php?rest_route=\/wp\/v2\/pages\/244\/revisions\/604"}],"wp:attachment":[{"href":"https:\/\/www.commonvoices.de\/index.php?rest_route=%2Fwp%2Fv2%2Fmedia&parent=244"}],"curies":[{"name":"wp","href":"https:\/\/api.w.org\/{rel}","templated":true}]}}